{"id":39,"date":"2015-01-21T08:30:24","date_gmt":"2015-01-21T08:30:24","guid":{"rendered":"http:\/\/themes.muffingroup.com\/be\/itservice\/?page_id=2"},"modified":"2026-02-19T07:24:44","modified_gmt":"2026-02-19T07:24:44","slug":"home","status":"publish","type":"page","link":"https:\/\/sanipsalud.com.ar\/web\/","title":{"rendered":"Home"},"content":{"rendered":"","protected":false},"excerpt":{"rendered":"","protected":false},"author":2,"featured_media":0,"parent":0,"menu_order":0,"comment_status":"open","ping_status":"open","template":"","meta":[],"yoast_head":"<!-- This site is optimized with the Yoast SEO plugin v18.6 - https:\/\/yoast.com\/wordpress\/plugins\/seo\/ -->\n<title>Sanip Salud | Obra Social en San Juan<\/title>\n<meta name=\"description\" content=\"Somos una empresa que se especializa en brindar cobertura m\u00e9dica asistencial, con m\u00e1s de 20 a\u00f1os de trayectoria. Obra social en San Juan\" \/>\n<meta name=\"robots\" content=\"index, follow, max-snippet:-1, max-image-preview:large, max-video-preview:-1\" \/>\n<link rel=\"canonical\" href=\"https:\/\/sanipsalud.com.ar\/web\/\" \/>\n<meta property=\"og:locale\" content=\"es_ES\" \/>\n<meta property=\"og:type\" content=\"article\" \/>\n<meta property=\"og:title\" content=\"Sanip Salud | Obra Social en San Juan\" \/>\n<meta property=\"og:description\" content=\"Somos una empresa que se especializa en brindar cobertura m\u00e9dica asistencial, con m\u00e1s de 20 a\u00f1os de trayectoria. Obra social en San Juan\" \/>\n<meta property=\"og:url\" content=\"https:\/\/sanipsalud.com.ar\/web\/\" \/>\n<meta property=\"og:site_name\" content=\"Sanip Salud | Cobertura Medica asistencial en San Juan\" \/>\n<meta property=\"article:modified_time\" content=\"2026-02-19T07:24:44+00:00\" \/>\n<meta name=\"twitter:card\" content=\"summary_large_image\" \/>\n<script type=\"application\/ld+json\" class=\"yoast-schema-graph\">{\"@context\":\"https:\/\/schema.org\",\"@graph\":[{\"@type\":\"Organization\",\"@id\":\"https:\/\/sanipsalud.com.ar\/web\/#organization\",\"name\":\"Sanip Salud\",\"url\":\"https:\/\/sanipsalud.com.ar\/web\/\",\"sameAs\":[],\"logo\":{\"@type\":\"ImageObject\",\"@id\":\"https:\/\/sanipsalud.com.ar\/web\/#logo\",\"inLanguage\":\"es\",\"url\":\"https:\/\/sanipsalud.com.ar\/web\/wp-content\/uploads\/2019\/11\/logo.png\",\"contentUrl\":\"https:\/\/sanipsalud.com.ar\/web\/wp-content\/uploads\/2019\/11\/logo.png\",\"width\":229,\"height\":107,\"caption\":\"Sanip Salud\"},\"image\":{\"@id\":\"https:\/\/sanipsalud.com.ar\/web\/#logo\"}},{\"@type\":\"WebSite\",\"@id\":\"https:\/\/sanipsalud.com.ar\/web\/#website\",\"url\":\"https:\/\/sanipsalud.com.ar\/web\/\",\"name\":\"Sanip Salud | Cobertura Medica asistencial en San Juan\",\"description\":\"Cobertura Medica asistencial en San Juan\",\"publisher\":{\"@id\":\"https:\/\/sanipsalud.com.ar\/web\/#organization\"},\"potentialAction\":[{\"@type\":\"SearchAction\",\"target\":{\"@type\":\"EntryPoint\",\"urlTemplate\":\"https:\/\/sanipsalud.com.ar\/web\/?s={search_term_string}\"},\"query-input\":\"required name=search_term_string\"}],\"inLanguage\":\"es\"},{\"@type\":\"WebPage\",\"@id\":\"https:\/\/sanipsalud.com.ar\/web\/#webpage\",\"url\":\"https:\/\/sanipsalud.com.ar\/web\/\",\"name\":\"Sanip Salud | Obra Social en San Juan\",\"isPartOf\":{\"@id\":\"https:\/\/sanipsalud.com.ar\/web\/#website\"},\"datePublished\":\"2015-01-21T08:30:24+00:00\",\"dateModified\":\"2026-02-19T07:24:44+00:00\",\"description\":\"Somos una empresa que se especializa en brindar cobertura m\u00e9dica asistencial, con m\u00e1s de 20 a\u00f1os de trayectoria. Obra social en San Juan\",\"breadcrumb\":{\"@id\":\"https:\/\/sanipsalud.com.ar\/web\/#breadcrumb\"},\"inLanguage\":\"es\",\"potentialAction\":[{\"@type\":\"ReadAction\",\"target\":[\"https:\/\/sanipsalud.com.ar\/web\/\"]}]},{\"@type\":\"BreadcrumbList\",\"@id\":\"https:\/\/sanipsalud.com.ar\/web\/#breadcrumb\",\"itemListElement\":[{\"@type\":\"ListItem\",\"position\":1,\"name\":\"Portada\",\"item\":\"https:\/\/sanipsalud.com.ar\/web\/\"},{\"@type\":\"ListItem\",\"position\":2,\"name\":\"Home\"}]}]}<\/script>\n<!-- \/ Yoast SEO plugin. -->","yoast_head_json":{"title":"Sanip Salud | Obra Social en San Juan","description":"Somos una empresa que se especializa en brindar cobertura m\u00e9dica asistencial, con m\u00e1s de 20 a\u00f1os de trayectoria. Obra social en San Juan","robots":{"index":"index","follow":"follow","max-snippet":"max-snippet:-1","max-image-preview":"max-image-preview:large","max-video-preview":"max-video-preview:-1"},"canonical":"https:\/\/sanipsalud.com.ar\/web\/","og_locale":"es_ES","og_type":"article","og_title":"Sanip Salud | Obra Social en San Juan","og_description":"Somos una empresa que se especializa en brindar cobertura m\u00e9dica asistencial, con m\u00e1s de 20 a\u00f1os de trayectoria. Obra social en San Juan","og_url":"https:\/\/sanipsalud.com.ar\/web\/","og_site_name":"Sanip Salud | Cobertura Medica asistencial en San Juan","article_modified_time":"2026-02-19T07:24:44+00:00","twitter_card":"summary_large_image","schema":{"@context":"https:\/\/schema.org","@graph":[{"@type":"Organization","@id":"https:\/\/sanipsalud.com.ar\/web\/#organization","name":"Sanip Salud","url":"https:\/\/sanipsalud.com.ar\/web\/","sameAs":[],"logo":{"@type":"ImageObject","@id":"https:\/\/sanipsalud.com.ar\/web\/#logo","inLanguage":"es","url":"https:\/\/sanipsalud.com.ar\/web\/wp-content\/uploads\/2019\/11\/logo.png","contentUrl":"https:\/\/sanipsalud.com.ar\/web\/wp-content\/uploads\/2019\/11\/logo.png","width":229,"height":107,"caption":"Sanip Salud"},"image":{"@id":"https:\/\/sanipsalud.com.ar\/web\/#logo"}},{"@type":"WebSite","@id":"https:\/\/sanipsalud.com.ar\/web\/#website","url":"https:\/\/sanipsalud.com.ar\/web\/","name":"Sanip Salud | Cobertura Medica asistencial en San Juan","description":"Cobertura Medica asistencial en San Juan","publisher":{"@id":"https:\/\/sanipsalud.com.ar\/web\/#organization"},"potentialAction":[{"@type":"SearchAction","target":{"@type":"EntryPoint","urlTemplate":"https:\/\/sanipsalud.com.ar\/web\/?s={search_term_string}"},"query-input":"required name=search_term_string"}],"inLanguage":"es"},{"@type":"WebPage","@id":"https:\/\/sanipsalud.com.ar\/web\/#webpage","url":"https:\/\/sanipsalud.com.ar\/web\/","name":"Sanip Salud | Obra Social en San Juan","isPartOf":{"@id":"https:\/\/sanipsalud.com.ar\/web\/#website"},"datePublished":"2015-01-21T08:30:24+00:00","dateModified":"2026-02-19T07:24:44+00:00","description":"Somos una empresa que se especializa en brindar cobertura m\u00e9dica asistencial, con m\u00e1s de 20 a\u00f1os de trayectoria. Obra social en San Juan","breadcrumb":{"@id":"https:\/\/sanipsalud.com.ar\/web\/#breadcrumb"},"inLanguage":"es","potentialAction":[{"@type":"ReadAction","target":["https:\/\/sanipsalud.com.ar\/web\/"]}]},{"@type":"BreadcrumbList","@id":"https:\/\/sanipsalud.com.ar\/web\/#breadcrumb","itemListElement":[{"@type":"ListItem","position":1,"name":"Portada","item":"https:\/\/sanipsalud.com.ar\/web\/"},{"@type":"ListItem","position":2,"name":"Home"}]}]}},"_links":{"self":[{"href":"https:\/\/sanipsalud.com.ar\/web\/wp-json\/wp\/v2\/pages\/39"}],"collection":[{"href":"https:\/\/sanipsalud.com.ar\/web\/wp-json\/wp\/v2\/pages"}],"about":[{"href":"https:\/\/sanipsalud.com.ar\/web\/wp-json\/wp\/v2\/types\/page"}],"author":[{"embeddable":true,"href":"https:\/\/sanipsalud.com.ar\/web\/wp-json\/wp\/v2\/users\/2"}],"replies":[{"embeddable":true,"href":"https:\/\/sanipsalud.com.ar\/web\/wp-json\/wp\/v2\/comments?post=39"}],"version-history":[{"count":1,"href":"https:\/\/sanipsalud.com.ar\/web\/wp-json\/wp\/v2\/pages\/39\/revisions"}],"predecessor-version":[{"id":49,"href":"https:\/\/sanipsalud.com.ar\/web\/wp-json\/wp\/v2\/pages\/39\/revisions\/49"}],"wp:attachment":[{"href":"https:\/\/sanipsalud.com.ar\/web\/wp-json\/wp\/v2\/media?parent=39"}],"curies":[{"name":"wp","href":"https:\/\/api.w.org\/{rel}","templated":true}]}}